{"id":9638,"date":"2024-03-20T18:20:50","date_gmt":"2024-03-20T18:20:50","guid":{"rendered":"https:\/\/wpwma.ca.gov\/privacy-statement-us\/"},"modified":"2024-03-20T18:20:50","modified_gmt":"2024-03-20T18:20:50","slug":"privacy-statement-us","status":"publish","type":"page","link":"https:\/\/wpwma.ca.gov\/es\/privacy-statement-us\/","title":{"rendered":"Declaraci\u00f3n de privacidad (EE. UU.)"},"content":{"rendered":"<!-- Legal document generated by Complianz | GDPR\/CCPA Cookie Consent https:\/\/wordpress.org\/plugins\/complianz-gdpr -->\n<div id=\"cmplz-document\" class=\"cmplz-document privacy-statement cmplz-document-us\"><p><i>Esta declaraci\u00f3n de privacidad se modific\u00f3 por \u00faltima vez el 20 de marzo de 2024, se revis\u00f3 por \u00faltima vez el 20 de marzo de 2024 y se aplica a los ciudadanos y residentes legales permanentes de los Estados Unidos.<\/i><br \/><br \/><\/p><p>En esta declaraci\u00f3n de privacidad, explicamos qu\u00e9 hacemos con los datos que obtenemos sobre usted a trav\u00e9s de <a href=\"https:\/\/wpwma.ca.gov\/es\">https:\/\/wpwma.ca.gov\/es<\/a>Le recomendamos leer atentamente esta declaraci\u00f3n. En nuestro tratamiento, cumplimos con los requisitos de la legislaci\u00f3n sobre privacidad. Esto significa, entre otras cosas, que:<ul>\n                <li>Indicamos claramente los fines para los que tratamos sus datos personales. Lo hacemos mediante esta declaraci\u00f3n de privacidad.<\/li>\n                <li>Nuestro objetivo es limitar nuestra recopilaci\u00f3n de datos personales \u00fanicamente a los datos personales necesarios para fines leg\u00edtimos;<\/li>\n                <li>Primero solicitamos su consentimiento expl\u00edcito para procesar sus datos personales en los casos que requieran su consentimiento;<\/li>\n                <li>tomamos medidas de seguridad adecuadas para proteger sus datos personales y tambi\u00e9n lo exigimos a las partes que procesan datos personales en nuestro nombre;<\/li>\n                <li>Respetamos su derecho a acceder a sus datos personales o a corregirlos o eliminarlos, a petici\u00f3n suya.<\/li>\n            <\/ul><\/p><p>Si tiene alguna pregunta o desea saber exactamente qu\u00e9 datos suyos conservamos, p\u00f3ngase en contacto con nosotros.<\/p><h2>1. Finalidad y categor\u00edas de datos<\/h2><p>Podemos recopilar o recibir informaci\u00f3n personal para un n\u00famero de prop\u00f3sitos relacionados con nuestras operaciones comerciales, que pueden incluir lo siguiente: (haga clic para expandir) <\/b><\/p><details class=\"cmplz-dropdown dropdown-privacy-statement\"><summary><div><h3>1.1 Vender o compartir los datos con un tercero<\/h3><\/div><\/summary><p class=\"cmplz-subtitle\">Las siguientes categor\u00edas de datos son recopiladas<\/p><p><ul><li>Direcci\u00f3n IP<\/li><\/ul><\/p><p class=\"cmplz-subtitle\">Per\u00edodo de retenci\u00f3n<\/p><p>Conservamos estos datos tras la finalizaci\u00f3n del servicio durante el siguiente n\u00famero de meses: 3<\/p><\/details><details class=\"cmplz-dropdown dropdown-privacy-statement\"><summary><div><h3>1.2 Recopilaci\u00f3n y an\u00e1lisis de estad\u00edsticas para la mejora de la web.<\/h3><\/div><\/summary><p class=\"cmplz-subtitle\">Las siguientes categor\u00edas de datos son recopiladas<\/p><p><ul><li>Direcci\u00f3n IP<\/li><\/ul><\/p><p class=\"cmplz-subtitle\">Per\u00edodo de retenci\u00f3n<\/p><p>Conservamos estos datos tras la finalizaci\u00f3n del servicio durante el siguiente n\u00famero de meses: 3<\/p><\/details><h2>2. Compartir con otras partes<\/h2><p>Solo compartimos o divulgamos estos datos a otros destinatarios para los siguientes fines:<\/p><p><b>Finalidad de la cesi\u00f3n de datos:<\/b>&nbsp;Mejorando el sitio web<br \/>\n             <b>Pa\u00eds o estado en el que se encuentra este proveedor de servicios:<\/b>&nbsp;<br \/><b>Finalidad de la cesi\u00f3n de datos:<\/b>&nbsp;Transmisi\u00f3n de contenido de v\u00eddeo<br \/>\n             <b>Pa\u00eds o estado en el que se encuentra este proveedor de servicios:<\/b>&nbsp;<br \/><b>Finalidad de la cesi\u00f3n de datos:<\/b>&nbsp;Redes sociales<br \/>\n             <b>Pa\u00eds o estado en el que se encuentra este proveedor de servicios:<\/b>&nbsp;<br \/><\/p><h2>3. Pr\u00e1cticas de divulgaci\u00f3n<\/h2><p><p>Divulgamos informaci\u00f3n personal si nos lo exige la ley o una orden judicial, en respuesta a un organismo encargado de hacer cumplir la ley, en la medida en que lo permita otras disposiciones legales, para proporcionar informaci\u00f3n o para una investigaci\u00f3n sobre un asunto relacionado con la seguridad p\u00fablica.<\/p><p>Si nuestro sitio web o nuestra organizaci\u00f3n son adquiridos, vendidos o participantes en una fusi\u00f3n o adquisici\u00f3n, sus datos podr\u00e1n ser revelados a nuestros asesores ya los posibles compradores, y se transmitir\u00e1n a los nuevos propietarios.<\/p><\/p><h2>4. C\u00f3mo respondemos a las se\u00f1ales de No rastrear y al Control de Privacidad Global <\/h2><p>Nuestro sitio web no responde ni admite el campo de solicitud de encabezado No rastrear (DNT).<\/p><h2>5. Galletas<\/h2><p>Nuestro sitio web utiliza cookies. Para obtener m\u00e1s informaci\u00f3n sobre las cookies, consulte nuestra Pol\u00edtica de cookies en nuestra <a href=\"https:\/\/wpwma.ca.gov\/es\/opt-out-preferences\/\">Preferencias de exclusi\u00f3n voluntaria<\/a> P\u00e1gina web.&nbsp;<\/p><p>Hemos celebrado un acuerdo de procesamiento de datos con Google.<\/p><p>Es posible que Google no utilice los datos para ning\u00fan otro servicio de Google.<\/p><p>Nosotros bloqueamos la inclusi\u00f3n de direcciones IP completas.<\/p><h2>6. Seguridad<\/h2><p>Nos comprometemos con la seguridad de sus datos personales. Adoptamos las medidas de seguridad adecuadas para limitar el uso indebido y el acceso no autorizado a sus datos personales. Esto garantiza que solo las personas necesarias tengan acceso a sus datos, que el acceso a ellos est\u00e9 protegido y que nuestras medidas de seguridad se revisen peri\u00f3dicamente.<\/p><h2>7. Sitios web de terceros<\/h2><p>Esta declaraci\u00f3n de privacidad no se aplica a sitios web de terceros conectados mediante enlaces en nuestro sitio web. No podemos garantizar que estos terceros gestionen sus datos personales de forma fiable y segura. Le recomendamos que lea las declaraciones de privacidad de estos sitios web antes de utilizarlos.<\/p><h2>8. Modificaciones a esta declaraci\u00f3n de privacidad<\/h2><p>Nos reservamos el derecho de modificar esta pol\u00edtica de privacidad. Le recomendamos que la consulte peri\u00f3dicamente para mantenerse al tanto de cualquier cambio. Adem\u00e1s, le informaremos activamente siempre que sea posible.<\/p><h2>9. Acceso y modificaci\u00f3n de sus datos<\/h2><p>Si tiene alguna pregunta o desea saber qu\u00e9 datos personales tenemos sobre usted, p\u00f3ngase en contacto con nosotros. Aseg\u00farese de indicar siempre claramente qui\u00e9n es usted para que podamos garantizar que no modificamos ni eliminamos los datos de la persona equivocada. Solo proporcionaremos la informaci\u00f3n solicitada tras recibir una solicitud verificable del consumidor. Puede ponerse en contacto con nosotros utilizando la informaci\u00f3n que figura a continuaci\u00f3n. Tiene los siguientes derechos:<\/p><p class=\"cmplz-subtitle\">9.1 Usted tiene los siguientes derechos con respecto a sus datos personales<\/p><ol class=\"alphabetic\">\n                        <li>Puede enviar una solicitud de acceso a los datos que procesamos sobre usted.<\/li>\n                        <li>Usted podr\u00e1 oponerse al tratamiento.<\/li>\n                        <li>Puede solicitar una descripci\u00f3n general, en un formato de uso com\u00fan, de los datos que procesamos sobre usted.<\/li>\n                        <li>Puede solicitar la correcci\u00f3n o eliminaci\u00f3n de los datos si son incorrectos o no son relevantes o solicitar la restricci\u00f3n del procesamiento de los mismos.<\/li>\n                        <li>Usted puede apelar nuestra decisi\u00f3n siempre que nos neguemos a tomar acci\u00f3n sobre una solicitud y presentar una queja ante la autoridad competente si su apelaci\u00f3n es denegada.<\/li>\n                      <\/ol><p class=\"cmplz-subtitle\">9.2 Suplementos<\/p><p>Esta secci\u00f3n, que complementa el resto de esta Declaraci\u00f3n de Privacidad, se aplica a los ciudadanos y residentes legales permanentes de California (CPRA).<\/p><details class=\"cmplz-dropdown dropdown-privacy-statement\"><summary><div><h3>California<\/h3><\/div><\/summary>\n      <h4>Derecho a saber qu\u00e9 informaci\u00f3n personal se recopila sobre usted<\/h4>\n      <p>Un consumidor tendr\u00e1 derecho a solicitar que una empresa que recopile informaci\u00f3n personal sobre el consumidor le divulgue lo siguiente:<\/p>\n      <ol class=\"alphabetic\">\n      <li>Las categor\u00edas de informaci\u00f3n personal que ha recopilado sobre ese consumidor.<\/li>\n      <li>Las categor\u00edas de fuentes de las que se recopila la informaci\u00f3n personal.<\/li>\n      <li>El prop\u00f3sito comercial o empresarial para recopilar o vender informaci\u00f3n personal.<\/li>\n      <li>Las categor\u00edas de terceros con quienes la empresa comparte informaci\u00f3n personal.<\/li>\n      <li>Los datos personales espec\u00edficos que ha recopilado sobre ese consumidor.<\/li>\n      <\/ol>\n      <br \/>\n\n      <h4>El derecho a saber si la informaci\u00f3n personal se vende o divulga y a qui\u00e9n<\/h4>\n      <p>Un consumidor tendr\u00e1 derecho a solicitar que una empresa que vende su informaci\u00f3n personal o que la divulga con fines comerciales le revele a ese consumidor:<\/p>\n      <ol class=\"alphabetic\">\n      <li>Las categor\u00edas de informaci\u00f3n personal que la empresa recopil\u00f3 sobre el consumidor.<\/li>\n      <li>Las categor\u00edas de informaci\u00f3n personal que la empresa vendi\u00f3 sobre el consumidor y las categor\u00edas de terceros a quienes se vendi\u00f3 la informaci\u00f3n personal, por categor\u00eda o categor\u00edas de informaci\u00f3n personal para cada tercero a quien se vendi\u00f3 la informaci\u00f3n personal.<\/li>\n      <li>Las categor\u00edas de informaci\u00f3n personal que la empresa divulga sobre el consumidor para un prop\u00f3sito comercial.<\/li>\n      <\/ol>\n      <br \/>\n      <h4>El derecho a un servicio y precio iguales, incluso si ejerce sus derechos de privacidad<\/h4>\n      <br \/>\n      <p>Un consumidor tendr\u00e1 derecho a solicitar que una empresa elimine cualquier informaci\u00f3n personal sobre el consumidor que la empresa haya recopilado del consumidor.<\/p>\n      <br \/>\n      <p>Una empresa que recibe una solicitud verificable de un consumidor para eliminar la informaci\u00f3n personal del consumidor de conformidad con la subdivisi\u00f3n (a) de esta secci\u00f3n deber\u00e1 eliminar la informaci\u00f3n personal del consumidor de sus registros y ordenar a cualquier proveedor de servicios que elimine la informaci\u00f3n personal del consumidor de sus registros.<\/p>\n      <br \/>\n      <p>Una empresa o un proveedor de servicios no estar\u00e1 obligado a cumplir con la solicitud de un consumidor de eliminar su informaci\u00f3n personal si es necesario que la empresa o el proveedor de servicios mantengan la informaci\u00f3n personal del consumidor para:<\/p>\n      <ol class=\"alphabetic\">\n      <li>Completar la transacci\u00f3n para la cual se recopil\u00f3 la informaci\u00f3n personal, proporcionar un bien o servicio solicitado por el consumidor o razonablemente anticipado dentro del contexto de la relaci\u00f3n comercial en curso de una empresa con el consumidor, o de otra manera ejecutar un contrato entre la empresa y el consumidor.<\/li>\n      <li>Detectar incidentes de seguridad, protegerse contra actividades maliciosas, enga\u00f1osas, fraudulentas o ilegales; o procesar a los responsables de esa actividad.<\/li>\n      <li>Depurar para identificar y reparar errores que afecten la funcionalidad prevista existente.<\/li>\n      <li>Ejercer la libertad de expresi\u00f3n, garantizar el derecho de otro consumidor a ejercer su derecho a la libertad de expresi\u00f3n o ejercer otro derecho previsto por la ley.<\/li>\n      <li>Cumplir con la Ley de Privacidad de las Comunicaciones Electr\u00f3nicas de California de conformidad con el Cap\u00edtulo 3.6 (que comienza con la Secci\u00f3n 1546) del T\u00edtulo 12 de la Parte 2 del C\u00f3digo Penal.<\/li>\n      <li>Participar en investigaciones cient\u00edficas, hist\u00f3ricas o estad\u00edsticas p\u00fablicas o revisadas por pares en inter\u00e9s p\u00fablico que se adhieran a todas las dem\u00e1s leyes de \u00e9tica y privacidad aplicables, cuando la eliminaci\u00f3n de la informaci\u00f3n por parte de las empresas pueda hacer imposible o perjudicar gravemente el logro de dicha investigaci\u00f3n, si el consumidor ha dado su consentimiento informado.<\/li>\n      <li>Ejercer la libertad de expresi\u00f3n, garantizar el derecho de otro consumidor a ejercer su derecho a la libertad de expresi\u00f3n o ejercer otro derecho previsto por la ley.<\/li>\n      <li>Permitir \u00fanicamente usos internos que est\u00e9n razonablemente alineados con las expectativas del consumidor en funci\u00f3n de la relaci\u00f3n del consumidor con la empresa.<\/li>\n      <li>Cumplir con una obligaci\u00f3n legal.<\/li>\n      <li>De lo contrario, utilizar la informaci\u00f3n personal del consumidor, internamente, de una manera legal que sea compatible con el contexto en el que el consumidor proporcion\u00f3 la informaci\u00f3n.<\/li>\n      <\/ol>\n\n      <h4>Derecho a optar por no participar<\/h4>\n      <p>Puede solicitarnos que no divulguemos ciertos datos personales que conservamos sobre usted. Para obtener m\u00e1s informaci\u00f3n sobre c\u00f3mo optar por no participar, consulte nuestra p\u00e1gina de preferencias de exclusi\u00f3n.<\/p>\n      <h4>Incentivos financieros<\/h4><p><h4>Venta de datos personales a terceros<\/h4>\n  \t\t<p>No hemos vendido datos personales de los consumidores en los \u00faltimos 12 meses<\/p><\/p><p><ul><li>Informaci\u00f3n sobre la actividad en internet, incluyendo, pero sin limitarse a, el historial de navegaci\u00f3n, el historial de b\u00fasqueda y la informaci\u00f3n relacionada con la interacci\u00f3n de un consumidor con una web, aplicaci\u00f3n o anuncio en internet.<\/li><\/ul><\/p><p>No hemos revelado informaci\u00f3n personal de los consumidores con fines comerciales en los 12 meses anteriores.<\/p><p><ul><li>Informaci\u00f3n sobre la actividad en internet, incluyendo, pero sin limitarse a, el historial de navegaci\u00f3n, el historial de b\u00fasqueda y la informaci\u00f3n relacionada con la interacci\u00f3n de un consumidor con una web, aplicaci\u00f3n o anuncio en internet.<\/li><\/ul><\/p><\/details><h2>10. Ni\u00f1os<\/h2><p>Nuestro sitio web no est\u00e1 dise\u00f1ado para atraer a menores y no es nuestra intenci\u00f3n recopilar datos personales de menores de edad en su pa\u00eds de residencia. Por lo tanto, solicitamos que los menores de edad no nos proporcionen ning\u00fan dato personal.<\/p><h2>11. Datos de contacto<\/h2><p>Autoridad de Gesti\u00f3n de Residuos de Western Placer<br \/>\n        3195 Avenida Atenas, Lincoln, CA 95648<br \/>\n        Estados Unidos<br \/>\n        Sitio web: <a href=\"https:\/\/wpwma.ca.gov\/es\">https:\/\/wpwma.ca.gov\/es<\/a> <br \/>\n        Correo electr\u00f3nico: <span class=\"cmplz-obfuscate\">e&#104;&#111;&#102;fma&#110;@<span class=\"cmplz-fmail-domain\">ex&#046;c&#111;&#109;<\/span>&#112;&#108;&#097;&#099;&#101;&#114;.c&#097;.g&#111;v<\/span> <br \/>\n        <br \/>\n        N\u00famero de tel\u00e9fono: (916) 543-3960<\/p><\/div>","protected":false},"excerpt":{"rendered":"","protected":false},"author":2,"featured_media":0,"parent":0,"menu_order":0,"comment_status":"closed","ping_status":"closed","template":"","meta":{"_jet_sm_ready_style":"","_jet_sm_style":"","_jet_sm_controls_values":"","_jet_sm_fonts_collection":"","_jet_sm_fonts_links":"","footnotes":""},"class_list":["post-9638","page","type-page","status-publish","hentry"],"yoast_head":"<!-- This site is optimized with the Yoast SEO Premium plugin v27.4 (Yoast SEO v27.4) - https:\/\/yoast.com\/product\/yoast-seo-premium-wordpress\/ -->\n<title>Privacy Statement (US) - Western Placer Waste Management Authority<\/title>\n<meta name=\"robots\" content=\"index, follow, max-snippet:-1, max-image-preview:large, max-video-preview:-1\" \/>\n<link rel=\"canonical\" href=\"https:\/\/wpwma.ca.gov\/es\/privacy-statement-us\/\" \/>\n<meta property=\"og:locale\" content=\"es_MX\" \/>\n<meta property=\"og:type\" content=\"article\" \/>\n<meta property=\"og:title\" content=\"Privacy Statement (US)\" \/>\n<meta property=\"og:url\" content=\"https:\/\/wpwma.ca.gov\/es\/privacy-statement-us\/\" \/>\n<meta property=\"og:site_name\" content=\"Western Placer Waste Management Authority\" \/>\n<meta property=\"article:publisher\" content=\"https:\/\/www.facebook.com\/WPWMA\/\" \/>\n<meta name=\"twitter:card\" content=\"summary_large_image\" \/>\n<meta name=\"twitter:site\" content=\"@wpwma1978\" \/>\n<script type=\"application\/ld+json\" class=\"yoast-schema-graph\">{\"@context\":\"https:\\\/\\\/schema.org\",\"@graph\":[{\"@type\":\"WebPage\",\"@id\":\"https:\\\/\\\/wpwma.ca.gov\\\/privacy-statement-us\\\/\",\"url\":\"https:\\\/\\\/wpwma.ca.gov\\\/privacy-statement-us\\\/\",\"name\":\"Privacy Statement (US) - Western Placer Waste Management Authority\",\"isPartOf\":{\"@id\":\"https:\\\/\\\/wpwma.ca.gov\\\/#website\"},\"datePublished\":\"2024-03-20T18:20:50+00:00\",\"breadcrumb\":{\"@id\":\"https:\\\/\\\/wpwma.ca.gov\\\/privacy-statement-us\\\/#breadcrumb\"},\"inLanguage\":\"es\",\"potentialAction\":[{\"@type\":\"ReadAction\",\"target\":[\"https:\\\/\\\/wpwma.ca.gov\\\/privacy-statement-us\\\/\"]}]},{\"@type\":\"BreadcrumbList\",\"@id\":\"https:\\\/\\\/wpwma.ca.gov\\\/privacy-statement-us\\\/#breadcrumb\",\"itemListElement\":[{\"@type\":\"ListItem\",\"position\":1,\"name\":\"Home\",\"item\":\"https:\\\/\\\/wpwma.ca.gov\\\/\"},{\"@type\":\"ListItem\",\"position\":2,\"name\":\"Privacy Statement (US)\"}]},{\"@type\":\"WebSite\",\"@id\":\"https:\\\/\\\/wpwma.ca.gov\\\/#website\",\"url\":\"https:\\\/\\\/wpwma.ca.gov\\\/\",\"name\":\"Western Placer Waste Management Authority (WPWMA)\",\"description\":\"\",\"publisher\":{\"@id\":\"https:\\\/\\\/wpwma.ca.gov\\\/#organization\"},\"potentialAction\":[{\"@type\":\"SearchAction\",\"target\":{\"@type\":\"EntryPoint\",\"urlTemplate\":\"https:\\\/\\\/wpwma.ca.gov\\\/?s={search_term_string}\"},\"query-input\":{\"@type\":\"PropertyValueSpecification\",\"valueRequired\":true,\"valueName\":\"search_term_string\"}}],\"inLanguage\":\"es\"},{\"@type\":\"Organization\",\"@id\":\"https:\\\/\\\/wpwma.ca.gov\\\/#organization\",\"name\":\"Western Placer Waste Management Authority (WPWMA)\",\"url\":\"https:\\\/\\\/wpwma.ca.gov\\\/\",\"logo\":{\"@type\":\"ImageObject\",\"inLanguage\":\"es\",\"@id\":\"https:\\\/\\\/wpwma.ca.gov\\\/#\\\/schema\\\/logo\\\/image\\\/\",\"url\":\"https:\\\/\\\/wpwma.ca.gov\\\/wp-content\\\/uploads\\\/2023\\\/04\\\/WPWMA_logo_horz_1C_Thistle-Blue_RGB.png\",\"contentUrl\":\"https:\\\/\\\/wpwma.ca.gov\\\/wp-content\\\/uploads\\\/2023\\\/04\\\/WPWMA_logo_horz_1C_Thistle-Blue_RGB.png\",\"width\":2501,\"height\":548,\"caption\":\"Western Placer Waste Management Authority (WPWMA)\"},\"image\":{\"@id\":\"https:\\\/\\\/wpwma.ca.gov\\\/#\\\/schema\\\/logo\\\/image\\\/\"},\"sameAs\":[\"https:\\\/\\\/www.facebook.com\\\/WPWMA\\\/\",\"https:\\\/\\\/x.com\\\/wpwma1978\",\"https:\\\/\\\/www.instagram.com\\\/wpwma\"]}]}<\/script>\n<!-- \/ Yoast SEO Premium plugin. -->","yoast_head_json":{"title":"Declaraci\u00f3n de privacidad (EE. UU.) - Autoridad de gesti\u00f3n de residuos de Western Placer","robots":{"index":"index","follow":"follow","max-snippet":"max-snippet:-1","max-image-preview":"max-image-preview:large","max-video-preview":"max-video-preview:-1"},"canonical":"https:\/\/wpwma.ca.gov\/es\/privacy-statement-us\/","og_locale":"es_MX","og_type":"article","og_title":"Privacy Statement (US)","og_url":"https:\/\/wpwma.ca.gov\/es\/privacy-statement-us\/","og_site_name":"Western Placer Waste Management Authority","article_publisher":"https:\/\/www.facebook.com\/WPWMA\/","twitter_card":"summary_large_image","twitter_site":"@wpwma1978","schema":{"@context":"https:\/\/schema.org","@graph":[{"@type":"WebPage","@id":"https:\/\/wpwma.ca.gov\/privacy-statement-us\/","url":"https:\/\/wpwma.ca.gov\/privacy-statement-us\/","name":"Declaraci\u00f3n de privacidad (EE. UU.) - Autoridad de gesti\u00f3n de residuos de Western Placer","isPartOf":{"@id":"https:\/\/wpwma.ca.gov\/#website"},"datePublished":"2024-03-20T18:20:50+00:00","breadcrumb":{"@id":"https:\/\/wpwma.ca.gov\/privacy-statement-us\/#breadcrumb"},"inLanguage":"es","potentialAction":[{"@type":"ReadAction","target":["https:\/\/wpwma.ca.gov\/privacy-statement-us\/"]}]},{"@type":"BreadcrumbList","@id":"https:\/\/wpwma.ca.gov\/privacy-statement-us\/#breadcrumb","itemListElement":[{"@type":"ListItem","position":1,"name":"Home","item":"https:\/\/wpwma.ca.gov\/"},{"@type":"ListItem","position":2,"name":"Privacy Statement (US)"}]},{"@type":"WebSite","@id":"https:\/\/wpwma.ca.gov\/#website","url":"https:\/\/wpwma.ca.gov\/","name":"Autoridad de Gesti\u00f3n de Residuos de Western Placer (WPWMA)","description":"","publisher":{"@id":"https:\/\/wpwma.ca.gov\/#organization"},"potentialAction":[{"@type":"SearchAction","target":{"@type":"EntryPoint","urlTemplate":"https:\/\/wpwma.ca.gov\/?s={search_term_string}"},"query-input":{"@type":"PropertyValueSpecification","valueRequired":true,"valueName":"search_term_string"}}],"inLanguage":"es"},{"@type":"Organization","@id":"https:\/\/wpwma.ca.gov\/#organization","name":"Autoridad de Gesti\u00f3n de Residuos de Western Placer (WPWMA)","url":"https:\/\/wpwma.ca.gov\/","logo":{"@type":"ImageObject","inLanguage":"es","@id":"https:\/\/wpwma.ca.gov\/#\/schema\/logo\/image\/","url":"https:\/\/wpwma.ca.gov\/wp-content\/uploads\/2023\/04\/WPWMA_logo_horz_1C_Thistle-Blue_RGB.png","contentUrl":"https:\/\/wpwma.ca.gov\/wp-content\/uploads\/2023\/04\/WPWMA_logo_horz_1C_Thistle-Blue_RGB.png","width":2501,"height":548,"caption":"Western Placer Waste Management Authority (WPWMA)"},"image":{"@id":"https:\/\/wpwma.ca.gov\/#\/schema\/logo\/image\/"},"sameAs":["https:\/\/www.facebook.com\/WPWMA\/","https:\/\/x.com\/wpwma1978","https:\/\/www.instagram.com\/wpwma"]}]}},"_links":{"self":[{"href":"https:\/\/wpwma.ca.gov\/es\/wp-json\/wp\/v2\/pages\/9638","targetHints":{"allow":["GET"]}}],"collection":[{"href":"https:\/\/wpwma.ca.gov\/es\/wp-json\/wp\/v2\/pages"}],"about":[{"href":"https:\/\/wpwma.ca.gov\/es\/wp-json\/wp\/v2\/types\/page"}],"author":[{"embeddable":true,"href":"https:\/\/wpwma.ca.gov\/es\/wp-json\/wp\/v2\/users\/2"}],"replies":[{"embeddable":true,"href":"https:\/\/wpwma.ca.gov\/es\/wp-json\/wp\/v2\/comments?post=9638"}],"version-history":[{"count":0,"href":"https:\/\/wpwma.ca.gov\/es\/wp-json\/wp\/v2\/pages\/9638\/revisions"}],"wp:attachment":[{"href":"https:\/\/wpwma.ca.gov\/es\/wp-json\/wp\/v2\/media?parent=9638"}],"curies":[{"name":"gracias","href":"https:\/\/api.w.org\/{rel}","templated":true}]}}