{"id":9638,"date":"2024-03-20T18:20:50","date_gmt":"2024-03-20T18:20:50","guid":{"rendered":"https:\/\/wpwma.ca.gov\/privacy-statement-us\/"},"modified":"2024-03-20T18:20:50","modified_gmt":"2024-03-20T18:20:50","slug":"privacy-statement-us","status":"publish","type":"page","link":"https:\/\/wpwma.ca.gov\/de\/privacy-statement-us\/","title":{"rendered":"Datenschutzerkl\u00e4rung (USA)"},"content":{"rendered":"<!-- Legal document generated by Complianz | GDPR\/CCPA Cookie Consent https:\/\/wordpress.org\/plugins\/complianz-gdpr -->\n<div id=\"cmplz-document\" class=\"cmplz-document privacy-statement cmplz-document-us\"><p><i>Diese Datenschutzerkl\u00e4rung wurde zuletzt am 20. M\u00e4rz 2024 ge\u00e4ndert, zuletzt am 20. M\u00e4rz 2024 \u00fcberpr\u00fcft und gilt f\u00fcr B\u00fcrger und Personen mit rechtm\u00e4\u00dfigem st\u00e4ndigen Wohnsitz in den Vereinigten Staaten.<\/i><br \/><br \/><\/p><p>In dieser Datenschutzerkl\u00e4rung erl\u00e4utern wir, was wir mit den Daten tun, die wir \u00fcber Sie erhalten \u00fcber <a href=\"https:\/\/wpwma.ca.gov\/de\">https:\/\/wpwma.ca.gov\/de<\/a>Wir empfehlen Ihnen, diese Erkl\u00e4rung sorgf\u00e4ltig zu lesen. Bei unserer Verarbeitung halten wir uns an die Anforderungen der Datenschutzgesetze. Dies bedeutet unter anderem, dass:<ul>\n                <li>Wir geben klar an, zu welchen Zwecken wir personenbezogene Daten verarbeiten. Dies tun wir mittels dieser Datenschutzerkl\u00e4rung.<\/li>\n                <li>Wir sind bestrebt, die Erhebung personenbezogener Daten auf die f\u00fcr legitime Zwecke erforderlichen personenbezogenen Daten zu beschr\u00e4nken.<\/li>\n                <li>Wir bitten Sie zun\u00e4chst um Ihre ausdr\u00fcckliche Zustimmung zur Verarbeitung Ihrer personenbezogenen Daten, wenn dies erforderlich ist.<\/li>\n                <li>Wir ergreifen angemessene Sicherheitsma\u00dfnahmen zum Schutz Ihrer personenbezogenen Daten und verlangen dies auch von Parteien, die personenbezogene Daten in unserem Auftrag verarbeiten.<\/li>\n                <li>Wir respektieren Ihr Recht, auf Ihre personenbezogenen Daten zuzugreifen oder diese auf Ihren Wunsch hin korrigieren oder l\u00f6schen zu lassen.<\/li>\n            <\/ul><\/p><p>Wenn Sie Fragen haben oder wissen m\u00f6chten, welche pers\u00f6nlichen Daten wir \u00fcber Sie gespeichert haben, kontaktieren Sie uns bitte.<\/p><h2>1. Purpose and categories of data<\/h2><p>We may collect or receive personal information for a number of purposes connected with our business operations which may include the following: (click to expand)<\/b><\/p><details class=\"cmplz-dropdown dropdown-privacy-statement\"><summary><div><h3>1.1 To sell or share data with a third party<\/h3><\/div><\/summary><p class=\"cmplz-subtitle\">The following categories of data are collected<\/p><p><ul><li>IP Address<\/li><\/ul><\/p><p class=\"cmplz-subtitle\">Retention period<\/p><p>We retain this data upon termination of the service for the following number of months: 3<\/p><\/details><details class=\"cmplz-dropdown dropdown-privacy-statement\"><summary><div><h3>1.2 Compiling and analyzing statistics for website improvement.<\/h3><\/div><\/summary><p class=\"cmplz-subtitle\">The following categories of data are collected<\/p><p><ul><li>IP Address<\/li><\/ul><\/p><p class=\"cmplz-subtitle\">Retention period<\/p><p>We retain this data upon termination of the service for the following number of months: 3<\/p><\/details><h2>2. Weitergabe an Dritte<\/h2><p>Wir geben diese Daten nur zu folgenden Zwecken an andere Empf\u00e4nger weiter bzw. legen sie diesen offen:<\/p><p><b>Zweck der Daten\u00fcbermittlung:<\/b>&nbsp;Website verbessern<br \/>\n             <b>Land oder Staat, in dem sich dieser Dienstanbieter befindet:<\/b>&nbsp;<br \/><b>Zweck der Daten\u00fcbermittlung:<\/b>&nbsp;Streaming von Videoinhalten<br \/>\n             <b>Land oder Staat, in dem sich dieser Dienstanbieter befindet:<\/b>&nbsp;<br \/><b>Zweck der Daten\u00fcbermittlung:<\/b>&nbsp;Soziale Medien<br \/>\n             <b>Land oder Staat, in dem sich dieser Dienstanbieter befindet:<\/b>&nbsp;<br \/><\/p><h2>3. Offenlegungspraktiken<\/h2><p><p>We disclose personal information if we are required by law or by a court order, in response to a law enforcement agency, to the extent permitted under other provisions of law, to provide information, or for an investigation on a matter related to public safety.<\/p><p>If our website or organisation is taken over, sold, or involved in a merger or acquisition, your details may be disclosed to our advisers and any prospective purchasers and will be passed on to the new owners.<\/p><\/p><h2>4. Wie wir auf \u201eDo Not Track\u201c-Signale und die globale Datenschutzkontrolle reagieren <\/h2><p>Unsere Website reagiert nicht auf das Do Not Track (DNT)-Header-Anforderungsfeld und unterst\u00fctzt es nicht.<\/p><h2>5. Cookies<\/h2><p>Unsere Website verwendet Cookies. Weitere Informationen zu Cookies finden Sie in unserer Cookie-Richtlinie auf unserer <a href=\"https:\/\/wpwma.ca.gov\/de\/opt-out-preferences\/\">Opt-out-Einstellungen<\/a> Webseite.&nbsp;<\/p><p>Wir haben mit Google einen Vertrag zur Auftragsdatenverarbeitung abgeschlossen.<\/p><p>Google darf die Daten nicht f\u00fcr andere Google-Dienste verwenden.<\/p><p>Die Angabe vollst\u00e4ndiger IP-Adressen wird von uns blockiert.<\/p><h2>6. Sicherheit<\/h2><p>Wir verpflichten uns zur Sicherheit personenbezogener Daten. Wir ergreifen angemessene Sicherheitsma\u00dfnahmen, um Missbrauch und unberechtigten Zugriff auf personenbezogene Daten zu begrenzen. Dies stellt sicher, dass nur die notwendigen Personen Zugriff auf Ihre Daten haben, dieser Zugriff gesch\u00fctzt ist und dass unsere Sicherheitsma\u00dfnahmen regelm\u00e4\u00dfig \u00fcberpr\u00fcft werden.<\/p><h2>7. Websites von Drittanbietern<\/h2><p>Diese Datenschutzerkl\u00e4rung gilt nicht f\u00fcr Websites Dritter, auf die wir \u00fcber Links auf unserer Website verweisen. Wir k\u00f6nnen nicht garantieren, dass diese Dritten Ihre personenbezogenen Daten zuverl\u00e4ssig und sicher behandeln. Wir empfehlen Ihnen, die Datenschutzerkl\u00e4rungen dieser Websites vor deren Nutzung zu lesen.<\/p><h2>8. \u00c4nderungen dieser Datenschutzerkl\u00e4rung<\/h2><p>Wir behalten uns das Recht vor, \u00c4nderungen an dieser Datenschutzerkl\u00e4rung vorzunehmen. Es wird empfohlen, diese Datenschutzerkl\u00e4rung regelm\u00e4\u00dfig zu lesen, um \u00fcber \u00c4nderungen informiert zu sein. Dar\u00fcber hinaus informieren wir Sie, wo immer m\u00f6glich, aktiv.<\/p><h2>9. Zugriff auf und \u00c4nderung Ihrer Daten<\/h2><p>Wenn Sie Fragen haben oder wissen m\u00f6chten, welche personenbezogenen Daten wir \u00fcber Sie gespeichert haben, kontaktieren Sie uns bitte. Bitte geben Sie immer klar an, wer Sie sind, damit wir sicher sein k\u00f6nnen, dass wir nicht die Daten der falschen Person \u00e4ndern oder l\u00f6schen. Wir stellen die gew\u00fcnschten Informationen nur nach Erhalt einer \u00fcberpr\u00fcfbaren Verbraucheranfrage zur Verf\u00fcgung. Sie k\u00f6nnen uns \u00fcber die unten stehenden Informationen kontaktieren. Sie haben folgende Rechte:<\/p><p class=\"cmplz-subtitle\">9.1 Sie haben folgende Rechte hinsichtlich Ihrer personenbezogenen Daten<\/p><ol class=\"alphabetic\">\n                        <li>Sie k\u00f6nnen einen Antrag auf Zugriff auf die Daten stellen, die wir \u00fcber Sie verarbeiten.<\/li>\n                        <li>Sie k\u00f6nnen der Verarbeitung widersprechen.<\/li>\n                        <li>Sie k\u00f6nnen eine \u00dcbersicht \u00fcber die von uns \u00fcber Sie verarbeiteten Daten in einem allgemein verwendeten Format anfordern.<\/li>\n                        <li>Sie k\u00f6nnen die Berichtigung oder L\u00f6schung der Daten verlangen, wenn diese falsch oder nicht mehr relevant sind, oder die Einschr\u00e4nkung der Verarbeitung der Daten verlangen.<\/li>\n                        <li>Sie k\u00f6nnen gegen unsere Entscheidung Einspruch einlegen, wenn wir einem Antrag nicht nachkommen, und bei einer Ablehnung Ihres Einspruchs Beschwerde bei der zust\u00e4ndigen Beh\u00f6rde einreichen.<\/li>\n                      <\/ol><p class=\"cmplz-subtitle\">9.2 Erg\u00e4nzungen<\/p><p>Dieser Abschnitt, der den Rest dieser Datenschutzerkl\u00e4rung erg\u00e4nzt, gilt f\u00fcr B\u00fcrger und rechtm\u00e4\u00dfige st\u00e4ndige Einwohner Kaliforniens (CPRA).<\/p><details class=\"cmplz-dropdown dropdown-privacy-statement\"><summary><div><h3>Kalifornien<\/h3><\/div><\/summary>\n      <h4>Recht zu erfahren, welche personenbezogenen Daten \u00fcber Sie erhoben werden<\/h4>\n      <p>Ein Verbraucher hat das Recht, von einem Unternehmen, das personenbezogene Daten \u00fcber den Verbraucher erhebt, die Offenlegung folgender Informationen zu verlangen:<\/p>\n      <ol class=\"alphabetic\">\n      <li>Die Kategorien personenbezogener Daten, die es \u00fcber diesen Verbraucher gesammelt hat.<\/li>\n      <li>Die Kategorien von Quellen, aus denen die personenbezogenen Daten erhoben werden.<\/li>\n      <li>Der gesch\u00e4ftliche oder kommerzielle Zweck der Erhebung oder des Verkaufs personenbezogener Daten.<\/li>\n      <li>Die Kategorien von Drittparteien, mit denen das Unternehmen personenbezogene Daten teilt.<\/li>\n      <li>Die spezifischen pers\u00f6nlichen Informationen, die es \u00fcber diesen Verbraucher gesammelt hat.<\/li>\n      <\/ol>\n      <br \/>\n\n      <h4>Das Recht zu erfahren, ob personenbezogene Daten verkauft oder weitergegeben werden und an wen<\/h4>\n      <p>Ein Verbraucher hat das Recht, von einem Unternehmen, das seine personenbezogenen Daten verkauft oder zu Gesch\u00e4ftszwecken weitergibt, die Offenlegung folgender Informationen zu verlangen:<\/p>\n      <ol class=\"alphabetic\">\n      <li>Die Kategorien personenbezogener Daten, die das Unternehmen \u00fcber den Verbraucher gesammelt hat.<\/li>\n      <li>Die Kategorien personenbezogener Daten, die das Unternehmen \u00fcber den Verbraucher verkauft hat, und die Kategorien von Drittparteien, an die die personenbezogenen Daten verkauft wurden, nach Kategorie oder Kategorien personenbezogener Daten f\u00fcr jede Drittpartei, an die die personenbezogenen Daten verkauft wurden.<\/li>\n      <li>Die Kategorien personenbezogener Daten, die das Unternehmen zu Gesch\u00e4ftszwecken \u00fcber den Verbraucher offengelegt hat.<\/li>\n      <\/ol>\n      <br \/>\n      <h4>Das Recht auf gleichen Service und Preis, auch wenn Sie Ihre Datenschutzrechte aus\u00fcben<\/h4>\n      <br \/>\n      <p>Ein Verbraucher hat das Recht, von einem Unternehmen die L\u00f6schung aller personenbezogenen Daten zu verlangen, die das Unternehmen \u00fcber den Verbraucher erhoben hat.<\/p>\n      <br \/>\n      <p>Ein Unternehmen, das von einem Verbraucher eine \u00fcberpr\u00fcfbare Anfrage zur L\u00f6schung seiner personenbezogenen Daten gem\u00e4\u00df Unterabschnitt (a) dieses Abschnitts erh\u00e4lt, muss die personenbezogenen Daten des Verbrauchers aus seinen Aufzeichnungen l\u00f6schen und alle Dienstanbieter anweisen, die personenbezogenen Daten des Verbrauchers aus ihren Aufzeichnungen zu l\u00f6schen.<\/p>\n      <br \/>\n      <p>Ein Unternehmen oder ein Dienstanbieter ist nicht verpflichtet, der Aufforderung eines Verbrauchers zur L\u00f6schung seiner personenbezogenen Daten nachzukommen, wenn die Aufbewahrung der personenbezogenen Daten des Verbrauchers f\u00fcr das Unternehmen oder den Dienstanbieter aus folgenden Gr\u00fcnden erforderlich ist:<\/p>\n      <ol class=\"alphabetic\">\n      <li>Um die Transaktion abzuschlie\u00dfen, f\u00fcr die die personenbezogenen Daten erhoben wurden, um eine vom Verbraucher angeforderte Ware oder Dienstleistung bereitzustellen oder um im Rahmen der laufenden Gesch\u00e4ftsbeziehung eines Unternehmens mit dem Verbraucher vern\u00fcnftigerweise zu erwartende Leistungen zu erbringen oder um auf andere Weise einen Vertrag zwischen dem Unternehmen und dem Verbraucher zu erf\u00fcllen.<\/li>\n      <li>Erkennen Sie Sicherheitsvorf\u00e4lle, sch\u00fctzen Sie sich vor b\u00f6swilligen, irref\u00fchrenden, betr\u00fcgerischen oder illegalen Aktivit\u00e4ten oder verfolgen Sie die f\u00fcr diese Aktivit\u00e4ten Verantwortlichen strafrechtlich.<\/li>\n      <li>F\u00fchren Sie ein Debugging durch, um Fehler zu identifizieren und zu beheben, die die vorhandene beabsichtigte Funktionalit\u00e4t beeintr\u00e4chtigen.<\/li>\n      <li>\u00dcben Sie Ihr Recht auf freie Meinungs\u00e4u\u00dferung aus, gew\u00e4hrleisten Sie das Recht eines anderen Verbrauchers auf freie Meinungs\u00e4u\u00dferung oder \u00fcben Sie ein anderes gesetzlich vorgesehenes Recht aus.<\/li>\n      <li>Halten Sie sich an den California Electronic Communications Privacy Act gem\u00e4\u00df Kapitel 3.6 (beginnend mit Abschnitt 1546) von Titel 12 von Teil 2 des Strafgesetzbuchs.<\/li>\n      <li>F\u00fchren Sie im \u00f6ffentlichen Interesse \u00f6ffentliche oder von Experten begutachtete wissenschaftliche, historische oder statistische Forschung durch, die allen anderen geltenden Ethik- und Datenschutzgesetzen entspricht, wenn die L\u00f6schung der Informationen durch das Unternehmen die Durchf\u00fchrung dieser Forschung wahrscheinlich unm\u00f6glich machen oder ernsthaft beeintr\u00e4chtigen w\u00fcrde, sofern der Verbraucher seine Einwilligung nach Aufkl\u00e4rung gegeben hat.<\/li>\n      <li>\u00dcben Sie Ihr Recht auf freie Meinungs\u00e4u\u00dferung aus, gew\u00e4hrleisten Sie das Recht eines anderen Verbrauchers auf freie Meinungs\u00e4u\u00dferung oder \u00fcben Sie ein anderes gesetzlich vorgesehenes Recht aus.<\/li>\n      <li>Um ausschlie\u00dflich interne Nutzungen zu erm\u00f6glichen, die in angemessener Weise mit den Erwartungen des Verbrauchers auf Grundlage seiner Beziehung zum Unternehmen \u00fcbereinstimmen.<\/li>\n      <li>Erf\u00fcllen Sie eine gesetzliche Verpflichtung.<\/li>\n      <li>Andernfalls verwenden Sie die personenbezogenen Daten des Verbrauchers intern auf rechtm\u00e4\u00dfige Weise, die mit dem Kontext vereinbar ist, in dem der Verbraucher die Daten bereitgestellt hat.<\/li>\n      <\/ol>\n\n      <h4>Widerspruchsrecht<\/h4>\n      <p>Sie k\u00f6nnen uns auffordern, bestimmte personenbezogene Daten, die wir \u00fcber Sie gespeichert haben, nicht weiterzugeben. Weitere Informationen zur M\u00f6glichkeit, dies abzulehnen, finden Sie auf unserer Seite zu den Opt-out-Einstellungen.<\/p>\n      <h4>Finanzielle Anreize<\/h4><p><h4>Verkauf personenbezogener Daten an Dritte<\/h4>\n  \t\t<p>Wir haben in den letzten 12 Monaten keine personenbezogenen Daten von Verbrauchern verkauft.<\/p><\/p><p><ul><li>Internet activity information, including, but not limited to, browsing history, search history, and information regarding a consumer&#039;s interaction with an Internet Web site, application, or advertisement<\/li><\/ul><\/p><p>Wir haben in den letzten 12 Monaten keine personenbezogenen Daten von Verbrauchern zu Gesch\u00e4ftszwecken weitergegeben.<\/p><p><ul><li>Internet activity information, including, but not limited to, browsing history, search history, and information regarding a consumer&#039;s interaction with an Internet Web site, application, or advertisement<\/li><\/ul><\/p><\/details><h2>10. Kinder<\/h2><p>Unsere Website ist nicht f\u00fcr Kinder konzipiert und es ist nicht unsere Absicht, personenbezogene Daten von Kindern unter dem in ihrem Wohnsitzland geltenden Einwilligungsalter zu erheben. Wir bitten daher Kinder unter dem Einwilligungsalter, uns keine personenbezogenen Daten zu \u00fcbermitteln.<\/p><h2>11. Kontaktdaten<\/h2><p>Western Placer Abfallwirtschaftsbeh\u00f6rde<br \/>\n        3195 Athens Ave, Lincoln, CA 95648<br \/>\n        United States<br \/>\n        Webseite: <a href=\"https:\/\/wpwma.ca.gov\/de\">https:\/\/wpwma.ca.gov\/de<\/a> <br \/>\n        E-Mail: <span class=\"cmplz-obfuscate\">e&#104;of&#102;&#109;a&#110;@<span class=\"cmplz-fmail-domain\">ex.com<\/span>p&#108;ac&#101;r&#046;&#099;&#097;.&#103;o&#118;<\/span> <br \/>\n        <br \/>\n        Phone number: (916) 543-3960<\/p><\/div>","protected":false},"excerpt":{"rendered":"","protected":false},"author":2,"featured_media":0,"parent":0,"menu_order":0,"comment_status":"closed","ping_status":"closed","template":"","meta":{"_jet_sm_ready_style":"","_jet_sm_style":"","_jet_sm_controls_values":"","_jet_sm_fonts_collection":"","_jet_sm_fonts_links":"","footnotes":""},"class_list":["post-9638","page","type-page","status-publish","hentry"],"yoast_head":"<!-- This site is optimized with the Yoast SEO Premium plugin v27.4 (Yoast SEO v27.4) - https:\/\/yoast.com\/product\/yoast-seo-premium-wordpress\/ -->\n<title>Privacy Statement (US) - Western Placer Waste Management Authority<\/title>\n<meta name=\"robots\" content=\"index, follow, max-snippet:-1, max-image-preview:large, max-video-preview:-1\" \/>\n<link rel=\"canonical\" href=\"https:\/\/wpwma.ca.gov\/de\/privacy-statement-us\/\" \/>\n<meta property=\"og:locale\" content=\"de_DE\" \/>\n<meta property=\"og:type\" content=\"article\" \/>\n<meta property=\"og:title\" content=\"Privacy Statement (US)\" \/>\n<meta property=\"og:url\" content=\"https:\/\/wpwma.ca.gov\/de\/privacy-statement-us\/\" \/>\n<meta property=\"og:site_name\" content=\"Western Placer Waste Management Authority\" \/>\n<meta property=\"article:publisher\" content=\"https:\/\/www.facebook.com\/WPWMA\/\" \/>\n<meta name=\"twitter:card\" content=\"summary_large_image\" \/>\n<meta name=\"twitter:site\" content=\"@wpwma1978\" \/>\n<script type=\"application\/ld+json\" class=\"yoast-schema-graph\">{\"@context\":\"https:\\\/\\\/schema.org\",\"@graph\":[{\"@type\":\"WebPage\",\"@id\":\"https:\\\/\\\/wpwma.ca.gov\\\/privacy-statement-us\\\/\",\"url\":\"https:\\\/\\\/wpwma.ca.gov\\\/privacy-statement-us\\\/\",\"name\":\"Privacy Statement (US) - Western Placer Waste Management Authority\",\"isPartOf\":{\"@id\":\"https:\\\/\\\/wpwma.ca.gov\\\/#website\"},\"datePublished\":\"2024-03-20T18:20:50+00:00\",\"breadcrumb\":{\"@id\":\"https:\\\/\\\/wpwma.ca.gov\\\/privacy-statement-us\\\/#breadcrumb\"},\"inLanguage\":\"de\",\"potentialAction\":[{\"@type\":\"ReadAction\",\"target\":[\"https:\\\/\\\/wpwma.ca.gov\\\/privacy-statement-us\\\/\"]}]},{\"@type\":\"BreadcrumbList\",\"@id\":\"https:\\\/\\\/wpwma.ca.gov\\\/privacy-statement-us\\\/#breadcrumb\",\"itemListElement\":[{\"@type\":\"ListItem\",\"position\":1,\"name\":\"Home\",\"item\":\"https:\\\/\\\/wpwma.ca.gov\\\/\"},{\"@type\":\"ListItem\",\"position\":2,\"name\":\"Privacy Statement (US)\"}]},{\"@type\":\"WebSite\",\"@id\":\"https:\\\/\\\/wpwma.ca.gov\\\/#website\",\"url\":\"https:\\\/\\\/wpwma.ca.gov\\\/\",\"name\":\"Western Placer Waste Management Authority (WPWMA)\",\"description\":\"\",\"publisher\":{\"@id\":\"https:\\\/\\\/wpwma.ca.gov\\\/#organization\"},\"potentialAction\":[{\"@type\":\"SearchAction\",\"target\":{\"@type\":\"EntryPoint\",\"urlTemplate\":\"https:\\\/\\\/wpwma.ca.gov\\\/?s={search_term_string}\"},\"query-input\":{\"@type\":\"PropertyValueSpecification\",\"valueRequired\":true,\"valueName\":\"search_term_string\"}}],\"inLanguage\":\"de\"},{\"@type\":\"Organization\",\"@id\":\"https:\\\/\\\/wpwma.ca.gov\\\/#organization\",\"name\":\"Western Placer Waste Management Authority (WPWMA)\",\"url\":\"https:\\\/\\\/wpwma.ca.gov\\\/\",\"logo\":{\"@type\":\"ImageObject\",\"inLanguage\":\"de\",\"@id\":\"https:\\\/\\\/wpwma.ca.gov\\\/#\\\/schema\\\/logo\\\/image\\\/\",\"url\":\"https:\\\/\\\/wpwma.ca.gov\\\/wp-content\\\/uploads\\\/2023\\\/04\\\/WPWMA_logo_horz_1C_Thistle-Blue_RGB.png\",\"contentUrl\":\"https:\\\/\\\/wpwma.ca.gov\\\/wp-content\\\/uploads\\\/2023\\\/04\\\/WPWMA_logo_horz_1C_Thistle-Blue_RGB.png\",\"width\":2501,\"height\":548,\"caption\":\"Western Placer Waste Management Authority (WPWMA)\"},\"image\":{\"@id\":\"https:\\\/\\\/wpwma.ca.gov\\\/#\\\/schema\\\/logo\\\/image\\\/\"},\"sameAs\":[\"https:\\\/\\\/www.facebook.com\\\/WPWMA\\\/\",\"https:\\\/\\\/x.com\\\/wpwma1978\",\"https:\\\/\\\/www.instagram.com\\\/wpwma\"]}]}<\/script>\n<!-- \/ Yoast SEO Premium plugin. -->","yoast_head_json":{"title":"Datenschutzerkl\u00e4rung (USA) - Western Placer Waste Management Authority","robots":{"index":"index","follow":"follow","max-snippet":"max-snippet:-1","max-image-preview":"max-image-preview:large","max-video-preview":"max-video-preview:-1"},"canonical":"https:\/\/wpwma.ca.gov\/de\/privacy-statement-us\/","og_locale":"de_DE","og_type":"article","og_title":"Privacy Statement (US)","og_url":"https:\/\/wpwma.ca.gov\/de\/privacy-statement-us\/","og_site_name":"Western Placer Waste Management Authority","article_publisher":"https:\/\/www.facebook.com\/WPWMA\/","twitter_card":"summary_large_image","twitter_site":"@wpwma1978","schema":{"@context":"https:\/\/schema.org","@graph":[{"@type":"WebPage","@id":"https:\/\/wpwma.ca.gov\/privacy-statement-us\/","url":"https:\/\/wpwma.ca.gov\/privacy-statement-us\/","name":"Datenschutzerkl\u00e4rung (USA) - Western Placer Waste Management Authority","isPartOf":{"@id":"https:\/\/wpwma.ca.gov\/#website"},"datePublished":"2024-03-20T18:20:50+00:00","breadcrumb":{"@id":"https:\/\/wpwma.ca.gov\/privacy-statement-us\/#breadcrumb"},"inLanguage":"de","potentialAction":[{"@type":"ReadAction","target":["https:\/\/wpwma.ca.gov\/privacy-statement-us\/"]}]},{"@type":"BreadcrumbList","@id":"https:\/\/wpwma.ca.gov\/privacy-statement-us\/#breadcrumb","itemListElement":[{"@type":"ListItem","position":1,"name":"Home","item":"https:\/\/wpwma.ca.gov\/"},{"@type":"ListItem","position":2,"name":"Privacy Statement (US)"}]},{"@type":"WebSite","@id":"https:\/\/wpwma.ca.gov\/#website","url":"https:\/\/wpwma.ca.gov\/","name":"Western Placer Waste Management Authority (WPWMA)","description":"","publisher":{"@id":"https:\/\/wpwma.ca.gov\/#organization"},"potentialAction":[{"@type":"SearchAction","target":{"@type":"EntryPoint","urlTemplate":"https:\/\/wpwma.ca.gov\/?s={search_term_string}"},"query-input":{"@type":"PropertyValueSpecification","valueRequired":true,"valueName":"search_term_string"}}],"inLanguage":"de"},{"@type":"Organization","@id":"https:\/\/wpwma.ca.gov\/#organization","name":"Western Placer Waste Management Authority (WPWMA)","url":"https:\/\/wpwma.ca.gov\/","logo":{"@type":"ImageObject","inLanguage":"de","@id":"https:\/\/wpwma.ca.gov\/#\/schema\/logo\/image\/","url":"https:\/\/wpwma.ca.gov\/wp-content\/uploads\/2023\/04\/WPWMA_logo_horz_1C_Thistle-Blue_RGB.png","contentUrl":"https:\/\/wpwma.ca.gov\/wp-content\/uploads\/2023\/04\/WPWMA_logo_horz_1C_Thistle-Blue_RGB.png","width":2501,"height":548,"caption":"Western Placer Waste Management Authority (WPWMA)"},"image":{"@id":"https:\/\/wpwma.ca.gov\/#\/schema\/logo\/image\/"},"sameAs":["https:\/\/www.facebook.com\/WPWMA\/","https:\/\/x.com\/wpwma1978","https:\/\/www.instagram.com\/wpwma"]}]}},"_links":{"self":[{"href":"https:\/\/wpwma.ca.gov\/de\/wp-json\/wp\/v2\/pages\/9638","targetHints":{"allow":["GET"]}}],"collection":[{"href":"https:\/\/wpwma.ca.gov\/de\/wp-json\/wp\/v2\/pages"}],"about":[{"href":"https:\/\/wpwma.ca.gov\/de\/wp-json\/wp\/v2\/types\/page"}],"author":[{"embeddable":true,"href":"https:\/\/wpwma.ca.gov\/de\/wp-json\/wp\/v2\/users\/2"}],"replies":[{"embeddable":true,"href":"https:\/\/wpwma.ca.gov\/de\/wp-json\/wp\/v2\/comments?post=9638"}],"version-history":[{"count":0,"href":"https:\/\/wpwma.ca.gov\/de\/wp-json\/wp\/v2\/pages\/9638\/revisions"}],"wp:attachment":[{"href":"https:\/\/wpwma.ca.gov\/de\/wp-json\/wp\/v2\/media?parent=9638"}],"curies":[{"name":"wp","href":"https:\/\/api.w.org\/{rel}","templated":true}]}}